{"id":5,"date":"2023-07-24T13:41:28","date_gmt":"2023-07-24T13:41:28","guid":{"rendered":"https:\/\/hotel-brun-lp.ms2.decms.eu\/sample-page\/"},"modified":"2024-07-11T14:37:31","modified_gmt":"2024-07-11T14:37:31","slug":"sample-page","status":"publish","type":"page","link":"https:\/\/hotel-brun-lp.ms2.decms.eu\/it\/","title":{"rendered":"Hotel Brun"},"content":{"rendered":"<p>Bologna \u00e8 una citt\u00e0 che esprime dal profondo lo spirito del buon vivere ed \u00e8 famosa per essere il <strong>paradiso del buon cibo<\/strong>. Ma non \u00e8 solo questo. Universit\u00e0, arte, cultura, musica, moda, nonch\u00e9 38 chilometri di Portici risalenti al medioevo fanno parte della sua personalit\u00e0 e si vivono nel quotidiano. <strong>Siamo pronti a farti scoprire i posti che solo i bolognesi conoscono<\/strong>.<\/p>\n","protected":false},"excerpt":{"rendered":"<p>Bologna \u00e8 una citt\u00e0 che esprime dal profondo lo spirito del buon vivere ed \u00e8 famosa per essere il paradiso del buon cibo. Ma non \u00e8 solo questo. Universit\u00e0, arte, cultura, musica, moda, nonch\u00e9 38 chilometri di Portici risalenti al medioevo fanno parte della sua personalit\u00e0 e si vivono nel quotidiano. Siamo pronti a farti [&hellip;]<\/p>\n","protected":false},"author":7,"featured_media":0,"parent":0,"menu_order":0,"comment_status":"closed","ping_status":"closed","template":"","meta":{"footnotes":""},"yoast_head":"<!-- This site is optimized with the Yoast SEO plugin v22.3 - https:\/\/yoast.com\/wordpress\/plugins\/seo\/ -->\n<title>Hotel Brun Bologna - hotel nel cuore di Bologna<\/title>\n<meta name=\"description\" content=\"Hotel Brun gode di una posizione strategica, vicino a Musei, Chiese, Monumenti, botteghe artigiane, negozi di alta moda\" \/>\n<meta name=\"robots\" content=\"noindex, follow, max-snippet:-1, max-image-preview:large, max-video-preview:-1\" \/>\n<meta property=\"og:locale\" content=\"it_IT\" \/>\n<meta property=\"og:type\" content=\"article\" \/>\n<meta property=\"og:title\" content=\"Hotel Brun Bologna - hotel nel cuore di Bologna\" \/>\n<meta property=\"og:description\" content=\"Hotel Brun gode di una posizione strategica, vicino a Musei, Chiese, Monumenti, botteghe artigiane, negozi di alta moda\" \/>\n<meta property=\"og:url\" content=\"https:\/\/hotel-brun-lp.ms2.decms.eu\/it\/\" \/>\n<meta property=\"og:site_name\" content=\"Hotel Brun LP\" \/>\n<meta property=\"article:modified_time\" content=\"2024-07-11T14:37:31+00:00\" \/>\n<meta name=\"twitter:card\" content=\"summary_large_image\" \/>\n<meta name=\"twitter:label1\" content=\"Tempo di lettura stimato\" \/>\n\t<meta name=\"twitter:data1\" content=\"1 minuto\" \/>\n<script type=\"application\/ld+json\" class=\"yoast-schema-graph\">{\"@context\":\"https:\/\/schema.org\",\"@graph\":[{\"@type\":\"WebPage\",\"@id\":\"https:\/\/hotel-brun-lp.ms2.decms.eu\/it\/\",\"url\":\"https:\/\/hotel-brun-lp.ms2.decms.eu\/it\/\",\"name\":\"Hotel Brun Bologna - hotel nel cuore di Bologna\",\"isPartOf\":{\"@id\":\"https:\/\/hotel-brun-lp.ms2.decms.eu\/it\/#website\"},\"datePublished\":\"2023-07-24T13:41:28+00:00\",\"dateModified\":\"2024-07-11T14:37:31+00:00\",\"description\":\"Hotel Brun gode di una posizione strategica, vicino a Musei, Chiese, Monumenti, botteghe artigiane, negozi di alta moda\",\"breadcrumb\":{\"@id\":\"https:\/\/hotel-brun-lp.ms2.decms.eu\/it\/#breadcrumb\"},\"inLanguage\":\"it-IT\",\"potentialAction\":[{\"@type\":\"ReadAction\",\"target\":[\"https:\/\/hotel-brun-lp.ms2.decms.eu\/it\/\"]}]},{\"@type\":\"BreadcrumbList\",\"@id\":\"https:\/\/hotel-brun-lp.ms2.decms.eu\/it\/#breadcrumb\",\"itemListElement\":[{\"@type\":\"ListItem\",\"position\":1,\"name\":\"Home\",\"item\":\"https:\/\/hotel-brun-lp.ms2.decms.eu\/it\/\"},{\"@type\":\"ListItem\",\"position\":2,\"name\":\"Hotel Brun\"}]},{\"@type\":\"WebSite\",\"@id\":\"https:\/\/hotel-brun-lp.ms2.decms.eu\/it\/#website\",\"url\":\"https:\/\/hotel-brun-lp.ms2.decms.eu\/it\/\",\"name\":\"Hotel Brun LP\",\"description\":\"\",\"potentialAction\":[{\"@type\":\"SearchAction\",\"target\":{\"@type\":\"EntryPoint\",\"urlTemplate\":\"https:\/\/hotel-brun-lp.ms2.decms.eu\/it\/?s={search_term_string}\"},\"query-input\":\"required name=search_term_string\"}],\"inLanguage\":\"it-IT\"}]}<\/script>\n<!-- \/ Yoast SEO plugin. -->","yoast_head_json":{"title":"Hotel Brun Bologna - hotel nel cuore di Bologna","description":"Hotel Brun gode di una posizione strategica, vicino a Musei, Chiese, Monumenti, botteghe artigiane, negozi di alta moda","robots":{"index":"noindex","follow":"follow","max-snippet":"max-snippet:-1","max-image-preview":"max-image-preview:large","max-video-preview":"max-video-preview:-1"},"og_locale":"it_IT","og_type":"article","og_title":"Hotel Brun Bologna - hotel nel cuore di Bologna","og_description":"Hotel Brun gode di una posizione strategica, vicino a Musei, Chiese, Monumenti, botteghe artigiane, negozi di alta moda","og_url":"https:\/\/hotel-brun-lp.ms2.decms.eu\/it\/","og_site_name":"Hotel Brun LP","article_modified_time":"2024-07-11T14:37:31+00:00","twitter_card":"summary_large_image","twitter_misc":{"Tempo di lettura stimato":"1 minuto"},"schema":{"@context":"https:\/\/schema.org","@graph":[{"@type":"WebPage","@id":"https:\/\/hotel-brun-lp.ms2.decms.eu\/it\/","url":"https:\/\/hotel-brun-lp.ms2.decms.eu\/it\/","name":"Hotel Brun Bologna - hotel nel cuore di Bologna","isPartOf":{"@id":"https:\/\/hotel-brun-lp.ms2.decms.eu\/it\/#website"},"datePublished":"2023-07-24T13:41:28+00:00","dateModified":"2024-07-11T14:37:31+00:00","description":"Hotel Brun gode di una posizione strategica, vicino a Musei, Chiese, Monumenti, botteghe artigiane, negozi di alta moda","breadcrumb":{"@id":"https:\/\/hotel-brun-lp.ms2.decms.eu\/it\/#breadcrumb"},"inLanguage":"it-IT","potentialAction":[{"@type":"ReadAction","target":["https:\/\/hotel-brun-lp.ms2.decms.eu\/it\/"]}]},{"@type":"BreadcrumbList","@id":"https:\/\/hotel-brun-lp.ms2.decms.eu\/it\/#breadcrumb","itemListElement":[{"@type":"ListItem","position":1,"name":"Home","item":"https:\/\/hotel-brun-lp.ms2.decms.eu\/it\/"},{"@type":"ListItem","position":2,"name":"Hotel Brun"}]},{"@type":"WebSite","@id":"https:\/\/hotel-brun-lp.ms2.decms.eu\/it\/#website","url":"https:\/\/hotel-brun-lp.ms2.decms.eu\/it\/","name":"Hotel Brun LP","description":"","potentialAction":[{"@type":"SearchAction","target":{"@type":"EntryPoint","urlTemplate":"https:\/\/hotel-brun-lp.ms2.decms.eu\/it\/?s={search_term_string}"},"query-input":"required name=search_term_string"}],"inLanguage":"it-IT"}]}},"acf":[],"_links":{"self":[{"href":"https:\/\/hotel-brun-lp.ms2.decms.eu\/it\/wp-json\/wp\/v2\/pages\/5"}],"collection":[{"href":"https:\/\/hotel-brun-lp.ms2.decms.eu\/it\/wp-json\/wp\/v2\/pages"}],"about":[{"href":"https:\/\/hotel-brun-lp.ms2.decms.eu\/it\/wp-json\/wp\/v2\/types\/page"}],"author":[{"embeddable":true,"href":"https:\/\/hotel-brun-lp.ms2.decms.eu\/it\/wp-json\/wp\/v2\/users\/7"}],"replies":[{"embeddable":true,"href":"https:\/\/hotel-brun-lp.ms2.decms.eu\/it\/wp-json\/wp\/v2\/comments?post=5"}],"version-history":[{"count":0,"href":"https:\/\/hotel-brun-lp.ms2.decms.eu\/it\/wp-json\/wp\/v2\/pages\/5\/revisions"}],"wp:attachment":[{"href":"https:\/\/hotel-brun-lp.ms2.decms.eu\/it\/wp-json\/wp\/v2\/media?parent=5"}],"curies":[{"name":"wp","href":"https:\/\/api.w.org\/{rel}","templated":true}]}}